{"id":20,"date":"2011-08-11T17:15:16","date_gmt":"2011-08-11T17:15:16","guid":{"rendered":"http:\/\/pixelperfectdesignstudio.com\/test-site\/?page_id=20"},"modified":"2026-04-23T03:07:51","modified_gmt":"2026-04-23T03:07:51","slug":"contact","status":"publish","type":"page","link":"https:\/\/stonewoodbath.com\/fr\/contact\/","title":{"rendered":"Contact"},"content":{"rendered":"<div data-elementor-type=\"wp-post\" data-elementor-id=\"20\" class=\"elementor elementor-20\">\n\t\t\t\t\t\t<section class=\"elementor-section elementor-top-section elementor-element elementor-element-186ed62 elementor-section-full_width elementor-section-height-default elementor-section-height-default\" data-id=\"186ed62\" data-element_type=\"section\" data-e-type=\"section\">\n\t\t\t\t\t\t<div class=\"elementor-container elementor-column-gap-default\">\n\t\t\t\t\t<div class=\"elementor-column elementor-col-100 elementor-top-column elementor-element elementor-element-1b1b600\" data-id=\"1b1b600\" data-element_type=\"column\" data-e-type=\"column\">\n\t\t\t<div class=\"elementor-widget-wrap elementor-element-populated\">\n\t\t\t\t\t\t<div class=\"elementor-element elementor-element-f4a1037 elementor-hidden-tablet elementor-hidden-phone elementor-widget elementor-widget-image\" data-id=\"f4a1037\" data-element_type=\"widget\" data-e-type=\"widget\" data-widget_type=\"image.default\">\n\t\t\t\t<div class=\"elementor-widget-container\">\n\t\t\t\t\t\t\t\t\t\t\t\t\t\t\t<img decoding=\"async\" src=\"https:\/\/stonewoodbath.com\/wp-content\/uploads\/2019\/03\/RSS_BuildingPhoto_1920x600_FV.jpg\" title=\"RSS_BuildingPhoto_1920x600_FV\" alt=\"Rock Solid Supply head office building exterior\" loading=\"lazy\" \/>\t\t\t\t\t\t\t\t\t\t\t\t\t\t\t<\/div>\n\t\t\t\t<\/div>\n\t\t\t\t<div class=\"elementor-element elementor-element-6bb0b26 elementor-widget elementor-widget-heading\" data-id=\"6bb0b26\" data-element_type=\"widget\" data-e-type=\"widget\" data-widget_type=\"heading.default\">\n\t\t\t\t<div class=\"elementor-widget-container\">\n\t\t\t\t\t<h1 class=\"elementor-heading-title elementor-size-default\">Contacter<\/h1>\t\t\t\t<\/div>\n\t\t\t\t<\/div>\n\t\t\t\t<section class=\"elementor-section elementor-inner-section elementor-element elementor-element-b001f0d elementor-reverse-mobile elementor-section-boxed elementor-section-height-default elementor-section-height-default\" data-id=\"b001f0d\" data-element_type=\"section\" data-e-type=\"section\">\n\t\t\t\t\t\t<div class=\"elementor-container elementor-column-gap-extended\">\n\t\t\t\t\t<div class=\"elementor-column elementor-col-33 elementor-inner-column elementor-element elementor-element-e834d78\" data-id=\"e834d78\" data-element_type=\"column\" data-e-type=\"column\">\n\t\t\t<div class=\"elementor-widget-wrap elementor-element-populated\">\n\t\t\t\t\t\t<div class=\"elementor-element elementor-element-8be0e75 elementor-widget elementor-widget-text-editor\" data-id=\"8be0e75\" data-element_type=\"widget\" data-e-type=\"widget\" data-widget_type=\"text-editor.default\">\n\t\t\t\t<div class=\"elementor-widget-container\">\n\t\t\t\t\t\t\t\t\t<h6><strong>BUREAU PRINCIPAL<\/strong><\/h6><p><strong>T\u00e9l\u00e9phone :<\/strong> 705.719.4870<br \/><strong>Composez sans frais :<\/strong> 855.719.4870<br \/><strong>T\u00e9l\u00e9c. :<\/strong> 866.376.7154<br \/><strong>Courriel :<\/strong> <a href=\"mailto:customerservice@rocksolidsupply.com\">customerservice@rocksolidsupply.com<\/a><br \/><strong>Adresse :<\/strong> 316 Bayview Drive, Barrie, ON L4N 8X9<\/p><p><strong>Heures d\u2019ouverture du service \u00e0 la client\u00e8le<\/strong><br \/>Nous r\u00e9pondons aux appels t\u00e9l\u00e9phoniques du lundi au vendredi de 8 h \u00e0 17 h. Si vous appelez en dehors des heures d\u2019ouverture, veuillez laisser un message et un repr\u00e9sentant du service \u00e0 la client\u00e8le vous contactera d\u00e8s que possible.<\/p>\t\t\t\t\t\t\t\t<\/div>\n\t\t\t\t<\/div>\n\t\t\t\t<div class=\"elementor-element elementor-element-9511235 elementor-widget-divider--view-line elementor-widget elementor-widget-divider\" data-id=\"9511235\" data-element_type=\"widget\" data-e-type=\"widget\" data-widget_type=\"divider.default\">\n\t\t\t\t<div class=\"elementor-widget-container\">\n\t\t\t\t\t\t\t<div class=\"elementor-divider\">\n\t\t\t<span class=\"elementor-divider-separator\">\n\t\t\t\t\t\t<\/span>\n\t\t<\/div>\n\t\t\t\t\t\t<\/div>\n\t\t\t\t<\/div>\n\t\t\t\t<div class=\"elementor-element elementor-element-ac853ce elementor-widget elementor-widget-text-editor\" data-id=\"ac853ce\" data-element_type=\"widget\" data-e-type=\"widget\" data-widget_type=\"text-editor.default\">\n\t\t\t\t<div class=\"elementor-widget-container\">\n\t\t\t\t\t\t\t\t\t<h6><strong>MAGASIN D\u2019USINE DE VENTE AU D\u00c9TAIL<\/strong><\/h6><p><strong>T\u00e9l\u00e9phone :<\/strong>\u00a0705.719.7724<br \/><strong>Courriel :<\/strong>\u00a0<a href=\"mailto:showroom@rocksolidsupply.com\">showroom@rocksolidsupply.com\u00a0<\/a><\/p><p><span style=\"font-weight: 600;\">Heures d\u2019ouverture<br \/><\/span>Lundi \u2013 Ferm\u00e9<br \/>Mardi \u2013 9 h - 17 h\u00a0<br \/>Mercredi \u2013 9 h - 17 h\u00a0\u00a0<br \/>Jeudi \u2013 9 h - 17 h\u00a0<br \/>Vendredi \u2013 9 h - 17 h\u00a0<br \/>Samedi \u2013 9 h - 17 h\u00a0<br \/>Dimanche \u2013 Ferm\u00e9<\/p><p><strong>Ramassage de commande<br \/><\/strong>Les commandes peuvent \u00eatre r\u00e9cup\u00e9r\u00e9es dans le garage \u00e0 l'avant du b\u00e2timent du mardi au samedi de 9 h 30 \u00e0 16 h (sauf entre 12 h et 12 h 30). Aucun rendez-vous n'est n\u00e9cessaire. Les commandes sont charg\u00e9es selon le principe du premier arriv\u00e9, premier servi.<\/p>\t\t\t\t\t\t\t\t<\/div>\n\t\t\t\t<\/div>\n\t\t\t\t<div class=\"elementor-element elementor-element-ded1aa8 e-grid-align-left elementor-shape-rounded elementor-grid-0 elementor-widget elementor-widget-social-icons\" data-id=\"ded1aa8\" data-element_type=\"widget\" data-e-type=\"widget\" data-widget_type=\"social-icons.default\">\n\t\t\t\t<div class=\"elementor-widget-container\">\n\t\t\t\t\t\t\t<div class=\"elementor-social-icons-wrapper elementor-grid\" role=\"list\">\n\t\t\t\t\t\t\t<span class=\"elementor-grid-item\" role=\"listitem\">\n\t\t\t\t\t<a class=\"elementor-icon elementor-social-icon elementor-social-icon-facebook-f elementor-repeater-item-e501ea3\" href=\"https:\/\/www.facebook.com\/StonewoodBath\" target=\"_blank\">\n\t\t\t\t\t\t<span class=\"elementor-screen-only\">Facebook-f<\/span>\n\t\t\t\t\t\t<i aria-hidden=\"true\" class=\"fab fa-facebook-f\"><\/i>\t\t\t\t\t<\/a>\n\t\t\t\t<\/span>\n\t\t\t\t\t\t\t<span class=\"elementor-grid-item\" role=\"listitem\">\n\t\t\t\t\t<a class=\"elementor-icon elementor-social-icon elementor-social-icon-instagram elementor-repeater-item-b23cbca\" href=\"https:\/\/www.instagram.com\/stonewoodbath\/\" target=\"_blank\">\n\t\t\t\t\t\t<span class=\"elementor-screen-only\">Instagram<\/span>\n\t\t\t\t\t\t<i aria-hidden=\"true\" class=\"fab fa-instagram\"><\/i>\t\t\t\t\t<\/a>\n\t\t\t\t<\/span>\n\t\t\t\t\t\t\t<span class=\"elementor-grid-item\" role=\"listitem\">\n\t\t\t\t\t<a class=\"elementor-icon elementor-social-icon elementor-social-icon-pinterest elementor-repeater-item-e9b6206\" href=\"https:\/\/www.pinterest.ca\/stonewoodbath\/\" target=\"_blank\">\n\t\t\t\t\t\t<span class=\"elementor-screen-only\">Pinterest<\/span>\n\t\t\t\t\t\t<i aria-hidden=\"true\" class=\"fab fa-pinterest\"><\/i>\t\t\t\t\t<\/a>\n\t\t\t\t<\/span>\n\t\t\t\t\t<\/div>\n\t\t\t\t\t\t<\/div>\n\t\t\t\t<\/div>\n\t\t\t\t\t<\/div>\n\t\t<\/div>\n\t\t\t\t<div class=\"elementor-column elementor-col-66 elementor-inner-column elementor-element elementor-element-1d11a6a\" data-id=\"1d11a6a\" data-element_type=\"column\" data-e-type=\"column\">\n\t\t\t<div class=\"elementor-widget-wrap elementor-element-populated\">\n\t\t\t\t\t\t<div class=\"elementor-element elementor-element-65433be elementor-widget elementor-widget-google_maps\" data-id=\"65433be\" data-element_type=\"widget\" data-e-type=\"widget\" data-widget_type=\"google_maps.default\">\n\t\t\t\t<div class=\"elementor-widget-container\">\n\t\t\t\t\t\t\t<div class=\"elementor-custom-embed\">\n\t\t\t<iframe loading=\"lazy\"\n\t\t\t\t\tsrc=\"https:\/\/maps.google.com\/maps?q=316%20Bayview%20Drive%2C%20Barrie%2C%20ON&#038;t=m&#038;z=13&#038;output=embed&#038;iwloc=near\"\n\t\t\t\t\ttitle=\"316 Bayview Drive, Barrie, ON\"\n\t\t\t\t\taria-label=\"316 Bayview Drive, Barrie, ON\"\n\t\t\t><\/iframe>\n\t\t<\/div>\n\t\t\t\t\t\t<\/div>\n\t\t\t\t<\/div>\n\t\t\t\t\t<\/div>\n\t\t<\/div>\n\t\t\t\t\t<\/div>\n\t\t<\/section>\n\t\t\t\t\t<\/div>\n\t\t<\/div>\n\t\t\t\t\t<\/div>\n\t\t<\/section>\n\t\t\t\t<\/div>","protected":false},"excerpt":{"rendered":"<p>Contact Us HEAD OFFICE Phone: 705.719.4870Toll Free Phone: 855.719.4870Fax: 866.376.7154Email: customerservice@rocksolidsupply.comAddress: 316 Bayview Drive, Barrie, ON L4N 8X9 Customer Service Hours of OperationPhones are answered Monday through Friday between 8 a.m. and 5 p.m. When calling outside of business hours, please leave a message and a Customer Service Representative will contact you as soon as [&hellip;]<\/p>\n","protected":false},"author":100000,"featured_media":0,"parent":0,"menu_order":9,"comment_status":"closed","ping_status":"closed","template":"elementor_header_footer","meta":{"footnotes":""},"class_list":["post-20","page","type-page","status-publish","hentry"],"aioseo_notices":[],"_links":{"self":[{"href":"https:\/\/stonewoodbath.com\/fr\/wp-json\/wp\/v2\/pages\/20","targetHints":{"allow":["GET"]}}],"collection":[{"href":"https:\/\/stonewoodbath.com\/fr\/wp-json\/wp\/v2\/pages"}],"about":[{"href":"https:\/\/stonewoodbath.com\/fr\/wp-json\/wp\/v2\/types\/page"}],"author":[{"embeddable":true,"href":"https:\/\/stonewoodbath.com\/fr\/wp-json\/wp\/v2\/users\/100000"}],"replies":[{"embeddable":true,"href":"https:\/\/stonewoodbath.com\/fr\/wp-json\/wp\/v2\/comments?post=20"}],"version-history":[{"count":125,"href":"https:\/\/stonewoodbath.com\/fr\/wp-json\/wp\/v2\/pages\/20\/revisions"}],"predecessor-version":[{"id":5597,"href":"https:\/\/stonewoodbath.com\/fr\/wp-json\/wp\/v2\/pages\/20\/revisions\/5597"}],"wp:attachment":[{"href":"https:\/\/stonewoodbath.com\/fr\/wp-json\/wp\/v2\/media?parent=20"}],"curies":[{"name":"wp","href":"https:\/\/api.w.org\/{rel}","templated":true}]}}